{"id":7975,"date":"2024-02-12T19:13:24","date_gmt":"2024-02-13T00:13:24","guid":{"rendered":"https:\/\/actioncommunication.webloft.dev\/test-writing-solution\/"},"modified":"2024-03-19T20:33:43","modified_gmt":"2024-03-20T00:33:43","slug":"test-writing-solution","status":"publish","type":"page","link":"https:\/\/action-communication.ca\/en\/online-language-tests\/test-writing-solution\/","title":{"rendered":"Writing Solution Test"},"content":{"rendered":"\t\t<div data-elementor-type=\"wp-page\" data-elementor-id=\"7975\" class=\"elementor elementor-7975 elementor-6398\" data-elementor-post-type=\"page\">\n\t\t\t\t\t\t<section class=\"elementor-section elementor-top-section elementor-element elementor-element-af55a68 elementor-section-boxed elementor-section-height-default elementor-section-height-default\" data-id=\"af55a68\" data-element_type=\"section\" data-e-type=\"section\">\n\t\t\t\t\t\t<div class=\"elementor-container elementor-column-gap-default\">\n\t\t\t\t\t<div class=\"elementor-column elementor-col-100 elementor-top-column elementor-element elementor-element-9fa3a5a\" data-id=\"9fa3a5a\" data-element_type=\"column\" data-e-type=\"column\">\n\t\t\t<div class=\"elementor-widget-wrap elementor-element-populated\">\n\t\t\t\t\t\t<div class=\"elementor-element elementor-element-4fb8bc9 elementor-widget elementor-widget-heading\" data-id=\"4fb8bc9\" data-element_type=\"widget\" data-e-type=\"widget\" data-widget_type=\"heading.default\">\n\t\t\t\t<div class=\"elementor-widget-container\">\n\t\t\t\t\t<h2 class=\"elementor-heading-title elementor-size-default\">Assessment of written expression: Writing Solution Test<\/h2>\t\t\t\t<\/div>\n\t\t\t\t<\/div>\n\t\t\t\t\t<\/div>\n\t\t<\/div>\n\t\t\t\t\t<\/div>\n\t\t<\/section>\n\t\t\t\t<section class=\"elementor-section elementor-top-section elementor-element elementor-element-52ccd01 elementor-section-boxed elementor-section-height-default elementor-section-height-default\" data-id=\"52ccd01\" data-element_type=\"section\" data-e-type=\"section\">\n\t\t\t\t\t\t<div class=\"elementor-container elementor-column-gap-no\">\n\t\t\t\t\t<div class=\"elementor-column elementor-col-33 elementor-top-column elementor-element elementor-element-9e83434 elementor-hidden-mobile\" data-id=\"9e83434\" data-element_type=\"column\" data-e-type=\"column\">\n\t\t\t<div class=\"elementor-widget-wrap elementor-element-populated\">\n\t\t\t\t\t\t<section class=\"elementor-section elementor-inner-section elementor-element elementor-element-39cdcb2 elementor-section-boxed elementor-section-height-default elementor-section-height-default\" data-id=\"39cdcb2\" data-element_type=\"section\" data-e-type=\"section\">\n\t\t\t\t\t\t<div class=\"elementor-container elementor-column-gap-no\">\n\t\t\t\t\t<div class=\"elementor-column elementor-col-100 elementor-inner-column elementor-element elementor-element-098f349\" data-id=\"098f349\" data-element_type=\"column\" data-e-type=\"column\" data-settings=\"{&quot;background_background&quot;:&quot;classic&quot;}\">\n\t\t\t<div class=\"elementor-widget-wrap elementor-element-populated\">\n\t\t\t\t\t\t<div class=\"elementor-element elementor-element-6cf2f4b elementor-widget elementor-widget-wp-widget-nav_menu\" data-id=\"6cf2f4b\" data-element_type=\"widget\" data-e-type=\"widget\" data-widget_type=\"wp-widget-nav_menu.default\">\n\t\t\t\t<div class=\"elementor-widget-container\">\n\t\t\t\t\t<h5>Our tests<\/h5><div class=\"menu-tests-menu-en-container\"><ul id=\"menu-tests-menu-en\" class=\"menu\"><li id=\"menu-item-8255\" class=\"menu-item menu-item-type-post_type menu-item-object-page menu-item-8255\"><a href=\"https:\/\/action-communication.ca\/en\/online-language-tests\/test-bright\/\">Bright Test<\/a><\/li>\n<li id=\"menu-item-8253\" class=\"menu-item menu-item-type-post_type menu-item-object-page menu-item-8253\"><a href=\"https:\/\/action-communication.ca\/en\/online-language-tests\/test-writing-solution\/\">Writing Solution Test<\/a><\/li>\n<li id=\"menu-item-8254\" class=\"menu-item menu-item-type-post_type menu-item-object-page menu-item-8254\"><a href=\"https:\/\/action-communication.ca\/en\/online-language-tests\/test-bliss\/\">BLISS Test<\/a><\/li>\n<li id=\"menu-item-8252\" class=\"menu-item menu-item-type-post_type menu-item-object-page menu-item-8252\"><a href=\"https:\/\/action-communication.ca\/en\/online-language-tests\/test-five-star\/\">Five Star Test<\/a><\/li>\n<\/ul><\/div>\t\t\t\t<\/div>\n\t\t\t\t<\/div>\n\t\t\t\t\t<\/div>\n\t\t<\/div>\n\t\t\t\t\t<\/div>\n\t\t<\/section>\n\t\t\t\t<div class=\"elementor-element elementor-element-88e94ed elementor-widget elementor-widget-eco_call_addons\" data-id=\"88e94ed\" data-element_type=\"widget\" data-e-type=\"widget\" data-widget_type=\"eco_call_addons.default\">\n\t\t\t\t<div class=\"elementor-widget-container\">\n\t\t\t\t\t        <div class=\"eco-call-addons-wrapper\">\n            <div class=\"eco-call-info-item\"  style=\"background-image:url( https:\/\/action-communication.ca\/wp-content\/uploads\/2024\/02\/contactez.png ) \">\n                                    <div class=\"eco-call-icon\">\n                        <i aria-hidden=\"true\" class=\"flaticon flaticon-email\"><\/i>                    <\/div>\n                                <div class=\"eco-contact-content\">\n                                            <span class=\"eco-call-title\">Ask for a free consultation!<\/span>\n                        <h3 class=\"eco-call-Number\"><\/h3>\n                                                                <div class=\"eco-call-dec\"><p>Learn more about Bright Language Tests!<\/p><p><a href=\"mailto:info@action-communication.ca\">info@action-communication.ca<\/a><\/p><\/div>\n                                    <\/div>\n            <\/div>\n        <\/div>\n        \t\t\t\t<\/div>\n\t\t\t\t<\/div>\n\t\t\t\t\t<\/div>\n\t\t<\/div>\n\t\t\t\t<div class=\"elementor-column elementor-col-66 elementor-top-column elementor-element elementor-element-e3654dd\" data-id=\"e3654dd\" data-element_type=\"column\" data-e-type=\"column\">\n\t\t\t<div class=\"elementor-widget-wrap elementor-element-populated\">\n\t\t\t\t\t\t<div class=\"elementor-element elementor-element-5128d6e elementor-widget elementor-widget-heading\" data-id=\"5128d6e\" data-element_type=\"widget\" data-e-type=\"widget\" data-widget_type=\"heading.default\">\n\t\t\t\t<div class=\"elementor-widget-container\">\n\t\t\t\t\t<h2 class=\"elementor-heading-title elementor-size-default\">Assessment of written expression: Writing Solution Test<\/h2>\t\t\t\t<\/div>\n\t\t\t\t<\/div>\n\t\t\t\t<div class=\"elementor-element elementor-element-7bf1aba elementor-widget elementor-widget-text-editor\" data-id=\"7bf1aba\" data-element_type=\"widget\" data-e-type=\"widget\" data-widget_type=\"text-editor.default\">\n\t\t\t\t<div class=\"elementor-widget-container\">\n\t\t\t\t\t\t\t\t\t<p>Combining the Bright test for written and listening comprehension with a written expression assessment, the Writing Solution test offers a comprehensive evaluation of reading and writing skills.<\/p><p>Essential elements of writing such as relevance, clarity, form (grammar), and register (vocabulary) are assessed. This approach provides an overview of a candidate&#8217;s linguistic level regarding their writing skills.<\/p><p>The correction of the written expression test is conducted by a certified examiner, ensuring an objective and nuanced evaluation.<\/p>\t\t\t\t\t\t\t\t<\/div>\n\t\t\t\t<\/div>\n\t\t\t\t<div class=\"elementor-element elementor-element-3057d5a elementor-widget elementor-widget-eco_image\" data-id=\"3057d5a\" data-element_type=\"widget\" data-e-type=\"widget\" data-widget_type=\"eco_image.default\">\n\t\t\t\t<div class=\"elementor-widget-container\">\n\t\t\t\t\t            <div class=\"eco-image-wrapper \">\n                <div class=\"eco-image\">\n                    <img fetchpriority=\"high\" decoding=\"async\" width=\"850\" height=\"400\" src=\"https:\/\/action-communication.ca\/wp-content\/uploads\/2024\/02\/testWriting.png\" class=\"attachment-full size-full wp-image-6492\" alt=\"\u00c9valuation expression \u00e9crite Action-Communication\" srcset=\"https:\/\/action-communication.ca\/wp-content\/uploads\/2024\/02\/testWriting.png 850w, https:\/\/action-communication.ca\/wp-content\/uploads\/2024\/02\/testWriting-300x141.png 300w, https:\/\/action-communication.ca\/wp-content\/uploads\/2024\/02\/testWriting-768x361.png 768w\" sizes=\"(max-width: 850px) 100vw, 850px\" \/>                <\/div>\n            <\/div>\n        \t\t\t\t<\/div>\n\t\t\t\t<\/div>\n\t\t\t\t<div class=\"elementor-element elementor-element-a74213f elementor-widget elementor-widget-heading\" data-id=\"a74213f\" data-element_type=\"widget\" data-e-type=\"widget\" data-widget_type=\"heading.default\">\n\t\t\t\t<div class=\"elementor-widget-container\">\n\t\t\t\t\t<h3 class=\"elementor-heading-title elementor-size-default\">Online assessment, reliable results<\/h3>\t\t\t\t<\/div>\n\t\t\t\t<\/div>\n\t\t\t\t<div class=\"elementor-element elementor-element-a4b2d7a elementor-widget elementor-widget-text-editor\" data-id=\"a4b2d7a\" data-element_type=\"widget\" data-e-type=\"widget\" data-widget_type=\"text-editor.default\">\n\t\t\t\t<div class=\"elementor-widget-container\">\n\t\t\t\t\t\t\t\t\t<p>Get a precise idea of your written expression level. An essential evaluation for situations requiring writing tasks. Get results within 24-48 hours!<\/p><ul><li>100% online and appointment-free assessment on our testing platform.<\/li><li>Reliable and objective results thanks to correction by a certified person.<\/li><li>5 languages evaluated: French, English, Spanish, Italian, German<\/li><\/ul>\t\t\t\t\t\t\t\t<\/div>\n\t\t\t\t<\/div>\n\t\t\t\t<div class=\"elementor-element elementor-element-b2a2c49 elementor-align-center elementor-widget elementor-widget-button\" data-id=\"b2a2c49\" data-element_type=\"widget\" data-e-type=\"widget\" data-widget_type=\"button.default\">\n\t\t\t\t<div class=\"elementor-widget-container\">\n\t\t\t\t\t\t\t\t\t<div class=\"elementor-button-wrapper\">\n\t\t\t\t\t<a class=\"elementor-button elementor-button-link elementor-size-lg\" href=\"https:\/\/airtable.com\/appunBTJtagHXAsMD\/shrRfY8fhczSGVzt5\" target=\"_blank\">\n\t\t\t\t\t\t<span class=\"elementor-button-content-wrapper\">\n\t\t\t\t\t\t\t\t\t<span class=\"elementor-button-text\">TAKE THE TEST<\/span>\n\t\t\t\t\t<\/span>\n\t\t\t\t\t<\/a>\n\t\t\t\t<\/div>\n\t\t\t\t\t\t\t\t<\/div>\n\t\t\t\t<\/div>\n\t\t\t\t\t<\/div>\n\t\t<\/div>\n\t\t\t\t\t<\/div>\n\t\t<\/section>\n\t\t\t\t<section class=\"elementor-section elementor-top-section elementor-element elementor-element-0c2a07f elementor-section-boxed elementor-section-height-default elementor-section-height-default\" data-id=\"0c2a07f\" data-element_type=\"section\" data-e-type=\"section\">\n\t\t\t\t\t\t<div class=\"elementor-container elementor-column-gap-default\">\n\t\t\t\t\t<div class=\"elementor-column elementor-col-100 elementor-top-column elementor-element elementor-element-3103b05\" data-id=\"3103b05\" data-element_type=\"column\" data-e-type=\"column\">\n\t\t\t<div class=\"elementor-widget-wrap elementor-element-populated\">\n\t\t\t\t\t\t<section class=\"elementor-section elementor-inner-section elementor-element elementor-element-71d3e69 elementor-section-boxed elementor-section-height-default elementor-section-height-default\" data-id=\"71d3e69\" data-element_type=\"section\" data-e-type=\"section\">\n\t\t\t\t\t\t<div class=\"elementor-container elementor-column-gap-default\">\n\t\t\t\t\t<div class=\"elementor-column elementor-col-100 elementor-inner-column elementor-element elementor-element-4f965e1\" data-id=\"4f965e1\" data-element_type=\"column\" data-e-type=\"column\">\n\t\t\t<div class=\"elementor-widget-wrap elementor-element-populated\">\n\t\t\t\t\t\t<div class=\"elementor-element elementor-element-bd3829d elementor-widget elementor-widget-image\" data-id=\"bd3829d\" data-element_type=\"widget\" data-e-type=\"widget\" data-widget_type=\"image.default\">\n\t\t\t\t<div class=\"elementor-widget-container\">\n\t\t\t\t\t\t\t\t\t\t\t\t\t\t\t<img decoding=\"async\" width=\"1024\" height=\"565\" src=\"https:\/\/action-communication.ca\/wp-content\/uploads\/2024\/03\/AC-GRAPHIQUE2-EN-1024x565.jpg\" class=\"attachment-large size-large wp-image-8200\" alt=\"our linguistic tests\" srcset=\"https:\/\/action-communication.ca\/wp-content\/uploads\/2024\/03\/AC-GRAPHIQUE2-EN-1024x565.jpg 1024w, https:\/\/action-communication.ca\/wp-content\/uploads\/2024\/03\/AC-GRAPHIQUE2-EN-300x165.jpg 300w, https:\/\/action-communication.ca\/wp-content\/uploads\/2024\/03\/AC-GRAPHIQUE2-EN-768x423.jpg 768w, https:\/\/action-communication.ca\/wp-content\/uploads\/2024\/03\/AC-GRAPHIQUE2-EN-1536x847.jpg 1536w, https:\/\/action-communication.ca\/wp-content\/uploads\/2024\/03\/AC-GRAPHIQUE2-EN-2048x1129.jpg 2048w\" sizes=\"(max-width: 1024px) 100vw, 1024px\" \/>\t\t\t\t\t\t\t\t\t\t\t\t\t\t\t<\/div>\n\t\t\t\t<\/div>\n\t\t\t\t\t<\/div>\n\t\t<\/div>\n\t\t\t\t\t<\/div>\n\t\t<\/section>\n\t\t\t\t\t<\/div>\n\t\t<\/div>\n\t\t\t\t\t<\/div>\n\t\t<\/section>\n\t\t\t\t<section class=\"elementor-section elementor-top-section elementor-element elementor-element-30967eff elementor-section-boxed elementor-section-height-default elementor-section-height-default\" data-id=\"30967eff\" data-element_type=\"section\" data-e-type=\"section\" data-settings=\"{&quot;background_background&quot;:&quot;classic&quot;}\">\n\t\t\t\t\t\t<div class=\"elementor-container elementor-column-gap-no\">\n\t\t\t\t\t<div class=\"elementor-column elementor-col-50 elementor-top-column elementor-element elementor-element-788bb349\" data-id=\"788bb349\" data-element_type=\"column\" data-e-type=\"column\">\n\t\t\t<div class=\"elementor-widget-wrap elementor-element-populated\">\n\t\t\t\t\t\t<div class=\"elementor-element elementor-element-3abcd73d elementor-widget elementor-widget-ecofinecore_about\" data-id=\"3abcd73d\" data-element_type=\"widget\" data-e-type=\"widget\" data-widget_type=\"ecofinecore_about.default\">\n\t\t\t\t<div class=\"elementor-widget-container\">\n\t\t\t\t\t        <div class=\"about-section-wraper\">\n            <div class=\"container\">\n            <div class=\"about_content \">\n                <div class=\"about-item\">\n                                 <h2 class=\"about-title\"> Do you have any questions? <\/h2>                  <div class=\"about-des\"> <p>Ensure your candidates possess the necessary language skills for success.<\/p><p>Inquire now about the Writing Solution test.<\/p> <\/div>                <\/div>\n                                            <\/div>\n        <\/div>\n        <\/div>\n        \t\t\t\t<\/div>\n\t\t\t\t<\/div>\n\t\t\t\t<div class=\"elementor-element elementor-element-6677f599 elementor-widget elementor-widget-ECOFINE_ctf7\" data-id=\"6677f599\" data-element_type=\"widget\" data-e-type=\"widget\" data-widget_type=\"ECOFINE_ctf7.default\">\n\t\t\t\t<div class=\"elementor-widget-container\">\n\t\t\t\t\t        <div class=\"Ecofine-ctf7s-wrapper\">\n        [contact-form-7 id=\"8085\"]        <\/div>\n        \t\t\t\t<\/div>\n\t\t\t\t<\/div>\n\t\t\t\t\t<\/div>\n\t\t<\/div>\n\t\t\t\t<div class=\"elementor-column elementor-col-50 elementor-top-column elementor-element elementor-element-4c84833f\" data-id=\"4c84833f\" data-element_type=\"column\" data-e-type=\"column\">\n\t\t\t<div class=\"elementor-widget-wrap\">\n\t\t\t\t\t\t\t<\/div>\n\t\t<\/div>\n\t\t\t\t\t<\/div>\n\t\t<\/section>\n\t\t\t\t<\/div>\n\t\t","protected":false},"excerpt":{"rendered":"<p>Assessment of written expression: Writing Solution Test Ask for a free consultation! Learn more about Bright Language Tests! info@action-communication.ca Assessment of written expression: Writing Solution Test Combining the Bright test for written and listening comprehension with a written expression assessment, the Writing Solution test offers a comprehensive evaluation of reading and writing skills. Essential elements [&hellip;]<\/p>\n","protected":false},"author":15,"featured_media":0,"parent":7990,"menu_order":1,"comment_status":"closed","ping_status":"closed","template":"blank-template.php","meta":{"footnotes":""},"class_list":["post-7975","page","type-page","status-publish","hentry"],"yoast_head":"<!-- This site is optimized with the Yoast SEO plugin v25.6 - https:\/\/yoast.com\/wordpress\/plugins\/seo\/ -->\n<title>\u00c9valuation de l\u2019expression \u00e9crite : Test Writing Solution | Action-Communication<\/title>\n<meta name=\"description\" content=\"\u00c9valuez les comp\u00e9tences de vos candidats en mati\u00e8re d\u2019expression \u00e9crite avec le test Writing Solution. Demandez une consultation gratuite\u2009!\" \/>\n<meta name=\"robots\" content=\"index, follow, max-snippet:-1, max-image-preview:large, max-video-preview:-1\" \/>\n<link rel=\"canonical\" href=\"https:\/\/action-communication.ca\/en\/online-language-tests\/test-writing-solution\/\" \/>\n<meta property=\"og:locale\" content=\"en_US\" \/>\n<meta property=\"og:type\" content=\"article\" \/>\n<meta property=\"og:title\" content=\"\u00c9valuation de l\u2019expression \u00e9crite : Test Writing Solution | Action-Communication\" \/>\n<meta property=\"og:description\" content=\"\u00c9valuez les comp\u00e9tences de vos candidats en mati\u00e8re d\u2019expression \u00e9crite avec le test Writing Solution. Demandez une consultation gratuite\u2009!\" \/>\n<meta property=\"og:url\" content=\"https:\/\/action-communication.ca\/en\/online-language-tests\/test-writing-solution\/\" \/>\n<meta property=\"og:site_name\" content=\"Action Communication\" \/>\n<meta property=\"article:modified_time\" content=\"2024-03-20T00:33:43+00:00\" \/>\n<meta property=\"og:image\" content=\"https:\/\/actioncommunication.webloft.dev\/wp-content\/uploads\/2024\/02\/testWriting.png\" \/>\n<meta name=\"twitter:card\" content=\"summary_large_image\" \/>\n<meta name=\"twitter:label1\" content=\"Est. reading time\" \/>\n\t<meta name=\"twitter:data1\" content=\"2 minutes\" \/>\n<script type=\"application\/ld+json\" class=\"yoast-schema-graph\">{\"@context\":\"https:\/\/schema.org\",\"@graph\":[{\"@type\":\"WebPage\",\"@id\":\"https:\/\/action-communication.ca\/en\/online-language-tests\/test-writing-solution\/\",\"url\":\"https:\/\/action-communication.ca\/en\/online-language-tests\/test-writing-solution\/\",\"name\":\"\u00c9valuation de l\u2019expression \u00e9crite : Test Writing Solution | Action-Communication\",\"isPartOf\":{\"@id\":\"https:\/\/action-communication.ca\/#website\"},\"primaryImageOfPage\":{\"@id\":\"https:\/\/action-communication.ca\/en\/online-language-tests\/test-writing-solution\/#primaryimage\"},\"image\":{\"@id\":\"https:\/\/action-communication.ca\/en\/online-language-tests\/test-writing-solution\/#primaryimage\"},\"thumbnailUrl\":\"https:\/\/actioncommunication.webloft.dev\/wp-content\/uploads\/2024\/02\/testWriting.png\",\"datePublished\":\"2024-02-13T00:13:24+00:00\",\"dateModified\":\"2024-03-20T00:33:43+00:00\",\"description\":\"\u00c9valuez les comp\u00e9tences de vos candidats en mati\u00e8re d\u2019expression \u00e9crite avec le test Writing Solution. Demandez une consultation gratuite\u2009!\",\"breadcrumb\":{\"@id\":\"https:\/\/action-communication.ca\/en\/online-language-tests\/test-writing-solution\/#breadcrumb\"},\"inLanguage\":\"en-US\",\"potentialAction\":[{\"@type\":\"ReadAction\",\"target\":[\"https:\/\/action-communication.ca\/en\/online-language-tests\/test-writing-solution\/\"]}]},{\"@type\":\"ImageObject\",\"inLanguage\":\"en-US\",\"@id\":\"https:\/\/action-communication.ca\/en\/online-language-tests\/test-writing-solution\/#primaryimage\",\"url\":\"https:\/\/actioncommunication.webloft.dev\/wp-content\/uploads\/2024\/02\/testWriting.png\",\"contentUrl\":\"https:\/\/actioncommunication.webloft.dev\/wp-content\/uploads\/2024\/02\/testWriting.png\"},{\"@type\":\"BreadcrumbList\",\"@id\":\"https:\/\/action-communication.ca\/en\/online-language-tests\/test-writing-solution\/#breadcrumb\",\"itemListElement\":[{\"@type\":\"ListItem\",\"position\":1,\"name\":\"Accueil\",\"item\":\"https:\/\/action-communication.ca\/\"},{\"@type\":\"ListItem\",\"position\":2,\"name\":\"Our Tests\",\"item\":\"https:\/\/action-communication.ca\/en\/online-language-tests\/\"},{\"@type\":\"ListItem\",\"position\":3,\"name\":\"Writing Solution Test\"}]},{\"@type\":\"WebSite\",\"@id\":\"https:\/\/action-communication.ca\/#website\",\"url\":\"https:\/\/action-communication.ca\/\",\"name\":\"Action Communication\",\"description\":\"\",\"publisher\":{\"@id\":\"https:\/\/action-communication.ca\/#organization\"},\"potentialAction\":[{\"@type\":\"SearchAction\",\"target\":{\"@type\":\"EntryPoint\",\"urlTemplate\":\"https:\/\/action-communication.ca\/?s={search_term_string}\"},\"query-input\":{\"@type\":\"PropertyValueSpecification\",\"valueRequired\":true,\"valueName\":\"search_term_string\"}}],\"inLanguage\":\"en-US\"},{\"@type\":\"Organization\",\"@id\":\"https:\/\/action-communication.ca\/#organization\",\"name\":\"Action Communication\",\"url\":\"https:\/\/action-communication.ca\/\",\"logo\":{\"@type\":\"ImageObject\",\"inLanguage\":\"en-US\",\"@id\":\"https:\/\/action-communication.ca\/#\/schema\/logo\/image\/\",\"url\":\"https:\/\/actioncommunication.webloft.dev\/wp-content\/uploads\/2024\/02\/action-communication.png\",\"contentUrl\":\"https:\/\/actioncommunication.webloft.dev\/wp-content\/uploads\/2024\/02\/action-communication.png\",\"width\":451,\"height\":427,\"caption\":\"Action Communication\"},\"image\":{\"@id\":\"https:\/\/action-communication.ca\/#\/schema\/logo\/image\/\"}}]}<\/script>\n<!-- \/ Yoast SEO plugin. -->","yoast_head_json":{"title":"\u00c9valuation de l\u2019expression \u00e9crite : Test Writing Solution | Action-Communication","description":"\u00c9valuez les comp\u00e9tences de vos candidats en mati\u00e8re d\u2019expression \u00e9crite avec le test Writing Solution. Demandez une consultation gratuite\u2009!","robots":{"index":"index","follow":"follow","max-snippet":"max-snippet:-1","max-image-preview":"max-image-preview:large","max-video-preview":"max-video-preview:-1"},"canonical":"https:\/\/action-communication.ca\/en\/online-language-tests\/test-writing-solution\/","og_locale":"en_US","og_type":"article","og_title":"\u00c9valuation de l\u2019expression \u00e9crite : Test Writing Solution | Action-Communication","og_description":"\u00c9valuez les comp\u00e9tences de vos candidats en mati\u00e8re d\u2019expression \u00e9crite avec le test Writing Solution. Demandez une consultation gratuite\u2009!","og_url":"https:\/\/action-communication.ca\/en\/online-language-tests\/test-writing-solution\/","og_site_name":"Action Communication","article_modified_time":"2024-03-20T00:33:43+00:00","og_image":[{"url":"https:\/\/actioncommunication.webloft.dev\/wp-content\/uploads\/2024\/02\/testWriting.png","type":"","width":"","height":""}],"twitter_card":"summary_large_image","twitter_misc":{"Est. reading time":"2 minutes"},"schema":{"@context":"https:\/\/schema.org","@graph":[{"@type":"WebPage","@id":"https:\/\/action-communication.ca\/en\/online-language-tests\/test-writing-solution\/","url":"https:\/\/action-communication.ca\/en\/online-language-tests\/test-writing-solution\/","name":"\u00c9valuation de l\u2019expression \u00e9crite : Test Writing Solution | Action-Communication","isPartOf":{"@id":"https:\/\/action-communication.ca\/#website"},"primaryImageOfPage":{"@id":"https:\/\/action-communication.ca\/en\/online-language-tests\/test-writing-solution\/#primaryimage"},"image":{"@id":"https:\/\/action-communication.ca\/en\/online-language-tests\/test-writing-solution\/#primaryimage"},"thumbnailUrl":"https:\/\/actioncommunication.webloft.dev\/wp-content\/uploads\/2024\/02\/testWriting.png","datePublished":"2024-02-13T00:13:24+00:00","dateModified":"2024-03-20T00:33:43+00:00","description":"\u00c9valuez les comp\u00e9tences de vos candidats en mati\u00e8re d\u2019expression \u00e9crite avec le test Writing Solution. Demandez une consultation gratuite\u2009!","breadcrumb":{"@id":"https:\/\/action-communication.ca\/en\/online-language-tests\/test-writing-solution\/#breadcrumb"},"inLanguage":"en-US","potentialAction":[{"@type":"ReadAction","target":["https:\/\/action-communication.ca\/en\/online-language-tests\/test-writing-solution\/"]}]},{"@type":"ImageObject","inLanguage":"en-US","@id":"https:\/\/action-communication.ca\/en\/online-language-tests\/test-writing-solution\/#primaryimage","url":"https:\/\/actioncommunication.webloft.dev\/wp-content\/uploads\/2024\/02\/testWriting.png","contentUrl":"https:\/\/actioncommunication.webloft.dev\/wp-content\/uploads\/2024\/02\/testWriting.png"},{"@type":"BreadcrumbList","@id":"https:\/\/action-communication.ca\/en\/online-language-tests\/test-writing-solution\/#breadcrumb","itemListElement":[{"@type":"ListItem","position":1,"name":"Accueil","item":"https:\/\/action-communication.ca\/"},{"@type":"ListItem","position":2,"name":"Our Tests","item":"https:\/\/action-communication.ca\/en\/online-language-tests\/"},{"@type":"ListItem","position":3,"name":"Writing Solution Test"}]},{"@type":"WebSite","@id":"https:\/\/action-communication.ca\/#website","url":"https:\/\/action-communication.ca\/","name":"Action Communication","description":"","publisher":{"@id":"https:\/\/action-communication.ca\/#organization"},"potentialAction":[{"@type":"SearchAction","target":{"@type":"EntryPoint","urlTemplate":"https:\/\/action-communication.ca\/?s={search_term_string}"},"query-input":{"@type":"PropertyValueSpecification","valueRequired":true,"valueName":"search_term_string"}}],"inLanguage":"en-US"},{"@type":"Organization","@id":"https:\/\/action-communication.ca\/#organization","name":"Action Communication","url":"https:\/\/action-communication.ca\/","logo":{"@type":"ImageObject","inLanguage":"en-US","@id":"https:\/\/action-communication.ca\/#\/schema\/logo\/image\/","url":"https:\/\/actioncommunication.webloft.dev\/wp-content\/uploads\/2024\/02\/action-communication.png","contentUrl":"https:\/\/actioncommunication.webloft.dev\/wp-content\/uploads\/2024\/02\/action-communication.png","width":451,"height":427,"caption":"Action Communication"},"image":{"@id":"https:\/\/action-communication.ca\/#\/schema\/logo\/image\/"}}]}},"_links":{"self":[{"href":"https:\/\/action-communication.ca\/en\/wp-json\/wp\/v2\/pages\/7975"}],"collection":[{"href":"https:\/\/action-communication.ca\/en\/wp-json\/wp\/v2\/pages"}],"about":[{"href":"https:\/\/action-communication.ca\/en\/wp-json\/wp\/v2\/types\/page"}],"author":[{"embeddable":true,"href":"https:\/\/action-communication.ca\/en\/wp-json\/wp\/v2\/users\/15"}],"replies":[{"embeddable":true,"href":"https:\/\/action-communication.ca\/en\/wp-json\/wp\/v2\/comments?post=7975"}],"version-history":[{"count":0,"href":"https:\/\/action-communication.ca\/en\/wp-json\/wp\/v2\/pages\/7975\/revisions"}],"up":[{"embeddable":true,"href":"https:\/\/action-communication.ca\/en\/wp-json\/wp\/v2\/pages\/7990"}],"wp:attachment":[{"href":"https:\/\/action-communication.ca\/en\/wp-json\/wp\/v2\/media?parent=7975"}],"curies":[{"name":"wp","href":"https:\/\/api.w.org\/{rel}","templated":true}]}}